{"id":194,"date":"2023-11-20T23:40:14","date_gmt":"2023-11-20T22:40:14","guid":{"rendered":"https:\/\/josejuangonzalez.com\/?page_id=194"},"modified":"2023-11-22T19:27:03","modified_gmt":"2023-11-22T18:27:03","slug":"entrevista","status":"publish","type":"page","link":"https:\/\/josejuangonzalez.com\/?page_id=194","title":{"rendered":"Entrevistas"},"content":{"rendered":"\n<p class=\"has-text-align-center\"><strong>Entrevista sobre cambio clim\u00e1tico<\/strong><br>En el A\u00f1o 2018, un grupo de profesores de la UAM-Cuajimalpa desarroll\u00f3 una serie de entrevistas a expertos en cambio clim\u00e1tico. La entrevista realizada a Jos\u00e9 Juan Gonz\u00e1lez puede consultarse en el siguiente vinculo.<br><code>[pgc_simply_gallery id=\"237\"]<\/code><br><br><\/p>\n\n\n\n<h2 class=\"wp-block-heading has-text-align-center\"><strong>Entrevista sobre la historia de la IUCNAEL<\/strong><\/h2>\n\n\n\n<ol class=\"wp-block-list\" style=\"list-style-type:upper-alpha\">\n<li><\/li>\n<\/ol>\n\n\n\n<p class=\"has-text-align-center\">En el a\u00f1o 2019, durante&nbsp;17th IUCN Academy of Environmental Law Colloquium, celebrado en Kuala Lumpur, Malaysia del 4 al 7 de agosto de 2019. Jos\u00e9 Juan fue entrevistado en torno a la historia de la Academia de Derecho Ambiental de la Uni\u00f3n Internacional de la Naturaleza. Parte de la entrevista puede seguirse en el siguiente vinculo.<\/p>\n\n\n\n<p class=\"has-text-align-center\"><br><iframe loading=\"lazy\" width=\"560\" height=\"315\" src=\"https:\/\/www.youtube.com\/embed\/EFdZ5KQJFm4?si=t5UlyawW_yBM1h9X\" title=\"YouTube video player\" frameborder=\"0\" allow=\"accelerometer; autoplay; clipboard-write; encrypted-media; gyroscope; picture-in-picture; web-share\" allowfullscreen=\"\"><\/iframe><br><\/p>\n","protected":false},"excerpt":{"rendered":"<p>Entrevista sobre cambio clim\u00e1ticoEn el A\u00f1o 2018, un grupo de profesores de la UAM-Cuajimalpa desarroll\u00f3 una serie de entrevistas a expertos en cambio clim\u00e1tico. La entrevista realizada a Jos\u00e9 Juan Gonz\u00e1lez puede consultarse en el siguiente vinculo.[pgc_simply_gallery id=\u00bb237&#8243;] Entrevista sobre la historia de la IUCNAEL En el a\u00f1o 2019, durante&nbsp;17th IUCN Academy of Environmental Law [&hellip;]<\/p>\n","protected":false},"author":1,"featured_media":0,"parent":0,"menu_order":0,"comment_status":"closed","ping_status":"closed","template":"","meta":{"footnotes":""},"class_list":["post-194","page","type-page","status-publish","hentry"],"_links":{"self":[{"href":"https:\/\/josejuangonzalez.com\/index.php?rest_route=\/wp\/v2\/pages\/194","targetHints":{"allow":["GET"]}}],"collection":[{"href":"https:\/\/josejuangonzalez.com\/index.php?rest_route=\/wp\/v2\/pages"}],"about":[{"href":"https:\/\/josejuangonzalez.com\/index.php?rest_route=\/wp\/v2\/types\/page"}],"author":[{"embeddable":true,"href":"https:\/\/josejuangonzalez.com\/index.php?rest_route=\/wp\/v2\/users\/1"}],"replies":[{"embeddable":true,"href":"https:\/\/josejuangonzalez.com\/index.php?rest_route=%2Fwp%2Fv2%2Fcomments&post=194"}],"version-history":[{"count":10,"href":"https:\/\/josejuangonzalez.com\/index.php?rest_route=\/wp\/v2\/pages\/194\/revisions"}],"predecessor-version":[{"id":296,"href":"https:\/\/josejuangonzalez.com\/index.php?rest_route=\/wp\/v2\/pages\/194\/revisions\/296"}],"wp:attachment":[{"href":"https:\/\/josejuangonzalez.com\/index.php?rest_route=%2Fwp%2Fv2%2Fmedia&parent=194"}],"curies":[{"name":"wp","href":"https:\/\/api.w.org\/{rel}","templated":true}]}}