{"id":248,"date":"2023-11-22T16:25:49","date_gmt":"2023-11-22T15:25:49","guid":{"rendered":"https:\/\/josejuangonzalez.com\/?page_id=248"},"modified":"2023-11-24T21:43:18","modified_gmt":"2023-11-24T20:43:18","slug":"conferencias","status":"publish","type":"page","link":"https:\/\/josejuangonzalez.com\/?page_id=248","title":{"rendered":"Conferencias"},"content":{"rendered":"\n<h2 class=\"wp-block-heading\"><strong>Conferencia sobre el papel de la administraci\u00f3n en el derecho ambiental pronunciada en el Inter-American Environmental Law Congress is part of the 2nd World Environmental Law Congress<\/strong><\/h2>\n\n\n\n<p>En el a\u00f1o 2019, Jos\u00e9 Juan Gonz\u00e1lez particip\u00f3 en el Congreso Interamericano de&nbsp;<\/p>\n\n\n\n<p>Derecho Ambiental que form\u00f3 parte del Segundo Congreso Mundial de. Derecho Ambiental, organizado por la Comisi\u00f3n Mundial de Derecho Ambiental de la UICN en colaboraci\u00f3n con la Suprema Corte de Justicia de<\/p>\n\n\n\n<figure class=\"wp-block-embed is-type-video is-provider-youtube wp-block-embed-youtube wp-embed-aspect-16-9 wp-has-aspect-ratio\"><div class=\"wp-block-embed__wrapper\">\n<iframe loading=\"lazy\" title=\"Role of the Administration in Environmental Law\" width=\"500\" height=\"281\" src=\"https:\/\/www.youtube.com\/embed\/tcQ5l7RbkGM?feature=oembed\" frameborder=\"0\" allow=\"accelerometer; autoplay; clipboard-write; encrypted-media; gyroscope; picture-in-picture; web-share\" referrerpolicy=\"strict-origin-when-cross-origin\" allowfullscreen><\/iframe>\n<\/div><\/figure>\n\n\n\n<p><\/p>\n\n\n\n<p><\/p>\n\n\n\n<p><\/p>\n\n\n\n<h2 class=\"wp-block-heading\"><strong>Globalizaci\u00f3n y cambio clim\u00e1tico<\/strong><\/h2>\n\n\n\n<p>Durante el Octavo Congreso Nacional de Investigaci\u00f3n en cambio clim\u00e1tico celebrado en la Universidad Aut\u00f3noma metropolitana en 2018, el Dr. Gonz\u00e1lez present\u00f3 una ponencia intitulada \u201cGlobalizaci\u00f3n y Cambio Clim\u00e1tico\u201d, la cual puede reproducirse en el siguiente vinculo:<\/p>\n\n\n\n<figure class=\"wp-block-embed is-type-video is-provider-youtube wp-block-embed-youtube wp-embed-aspect-16-9 wp-has-aspect-ratio\"><div class=\"wp-block-embed__wrapper\">\n<iframe loading=\"lazy\" title=\"Globalizaci\u00f3n y cambio clim\u00e1tico  | Jose Juan Gonzalez Marquez\" width=\"500\" height=\"281\" src=\"https:\/\/www.youtube.com\/embed\/_Qj6CSfS5hI?start=57&#038;feature=oembed\" frameborder=\"0\" allow=\"accelerometer; autoplay; clipboard-write; encrypted-media; gyroscope; picture-in-picture; web-share\" referrerpolicy=\"strict-origin-when-cross-origin\" allowfullscreen><\/iframe>\n<\/div><\/figure>\n\n\n\n<h2 class=\"wp-block-heading\">La regulaci\u00f3n del Almacenamiento de energ\u00eda pronunciada en el S\u00e9ptimo Congreso de Investigaci\u00f3n en Cambio Clim\u00e1tico: del Antropoceno a la Sostenibilidad, celebrado en 2017.<\/h2>\n\n\n\n<p>Durante el Congreso, el doctor Gonz\u00e1lez abord\u00f3 el Tema: \u201cRegulaci\u00f3n del almacenamiento de electricidad\u201d. La ponencia puede reproducirse en el siguiente vinculo:<\/p>\n\n\n\n<figure class=\"wp-block-embed is-type-video is-provider-youtube wp-block-embed-youtube wp-embed-aspect-16-9 wp-has-aspect-ratio\"><div class=\"wp-block-embed__wrapper\">\n<iframe loading=\"lazy\" title=\"Regulaci\u00f3n del Almacenamiento de Energ\u00eda - Jos\u00e9 Juan Gonz\u00e1lez M\u00e1rquez\" width=\"500\" height=\"281\" src=\"https:\/\/www.youtube.com\/embed\/aZUsXCcsdIw?start=21&#038;feature=oembed\" frameborder=\"0\" allow=\"accelerometer; autoplay; clipboard-write; encrypted-media; gyroscope; picture-in-picture; web-share\" referrerpolicy=\"strict-origin-when-cross-origin\" allowfullscreen><\/iframe>\n<\/div><\/figure>\n","protected":false},"excerpt":{"rendered":"<p>Conferencia sobre el papel de la administraci\u00f3n en el derecho ambiental pronunciada en el Inter-American Environmental Law Congress is part of the 2nd World Environmental Law Congress En el a\u00f1o 2019, Jos\u00e9 Juan Gonz\u00e1lez particip\u00f3 en el Congreso Interamericano de&nbsp; Derecho Ambiental que form\u00f3 parte del Segundo Congreso Mundial de. Derecho Ambiental, organizado por la [&hellip;]<\/p>\n","protected":false},"author":1,"featured_media":0,"parent":0,"menu_order":0,"comment_status":"closed","ping_status":"closed","template":"","meta":{"footnotes":""},"class_list":["post-248","page","type-page","status-publish","hentry"],"_links":{"self":[{"href":"https:\/\/josejuangonzalez.com\/index.php?rest_route=\/wp\/v2\/pages\/248","targetHints":{"allow":["GET"]}}],"collection":[{"href":"https:\/\/josejuangonzalez.com\/index.php?rest_route=\/wp\/v2\/pages"}],"about":[{"href":"https:\/\/josejuangonzalez.com\/index.php?rest_route=\/wp\/v2\/types\/page"}],"author":[{"embeddable":true,"href":"https:\/\/josejuangonzalez.com\/index.php?rest_route=\/wp\/v2\/users\/1"}],"replies":[{"embeddable":true,"href":"https:\/\/josejuangonzalez.com\/index.php?rest_route=%2Fwp%2Fv2%2Fcomments&post=248"}],"version-history":[{"count":5,"href":"https:\/\/josejuangonzalez.com\/index.php?rest_route=\/wp\/v2\/pages\/248\/revisions"}],"predecessor-version":[{"id":302,"href":"https:\/\/josejuangonzalez.com\/index.php?rest_route=\/wp\/v2\/pages\/248\/revisions\/302"}],"wp:attachment":[{"href":"https:\/\/josejuangonzalez.com\/index.php?rest_route=%2Fwp%2Fv2%2Fmedia&parent=248"}],"curies":[{"name":"wp","href":"https:\/\/api.w.org\/{rel}","templated":true}]}}